{"id":390,"date":"2022-12-23T12:33:40","date_gmt":"2022-12-23T11:33:40","guid":{"rendered":"https:\/\/nizialek.pl\/?page_id=390"},"modified":"2024-09-17T16:06:39","modified_gmt":"2024-09-17T14:06:39","slug":"oferta-pracy","status":"publish","type":"page","link":"https:\/\/nizialek.pl\/index.php\/oferta-pracy\/","title":{"rendered":"Wybierz ofert\u0119 pracy"},"content":{"rendered":"\t\t<div data-elementor-type=\"wp-page\" data-elementor-id=\"390\" class=\"elementor elementor-390\" data-elementor-post-type=\"page\">\n\t\t\t\t\t\t<section class=\"elementor-section elementor-top-section elementor-element elementor-element-27b11bc7 elementor-section-boxed elementor-section-height-default elementor-section-height-default\" data-id=\"27b11bc7\" data-element_type=\"section\" id=\"start\">\n\t\t\t\t\t\t<div class=\"elementor-container elementor-column-gap-default\">\n\t\t\t\t\t<div class=\"elementor-column elementor-col-100 elementor-top-column elementor-element elementor-element-3b9e80f1\" data-id=\"3b9e80f1\" data-element_type=\"column\" data-settings=\"{&quot;background_background&quot;:&quot;classic&quot;}\">\n\t\t\t<div class=\"elementor-widget-wrap elementor-element-populated\">\n\t\t\t\t\t\t<div class=\"elementor-element elementor-element-2ea73122 elementor-widget elementor-widget-heading\" data-id=\"2ea73122\" data-element_type=\"widget\" data-widget_type=\"heading.default\">\n\t\t\t\t<div class=\"elementor-widget-container\">\n\t\t\t\t\t<h2 class=\"elementor-heading-title elementor-size-default\">Wybierz ofert\u0119 pracy<\/h2>\t\t\t\t<\/div>\n\t\t\t\t<\/div>\n\t\t\t\t\t<\/div>\n\t\t<\/div>\n\t\t\t\t\t<\/div>\n\t\t<\/section>\n\t\t\t\t<section class=\"elementor-section elementor-top-section elementor-element elementor-element-39cf4e1 elementor-section-boxed elementor-section-height-default elementor-section-height-default\" data-id=\"39cf4e1\" data-element_type=\"section\">\n\t\t\t\t\t\t<div class=\"elementor-container elementor-column-gap-default\">\n\t\t\t\t\t<div class=\"elementor-column elementor-col-50 elementor-top-column elementor-element elementor-element-a24885f\" data-id=\"a24885f\" data-element_type=\"column\" data-settings=\"{&quot;background_background&quot;:&quot;classic&quot;}\">\n\t\t\t<div class=\"elementor-widget-wrap elementor-element-populated\">\n\t\t\t\t\t\t<div class=\"elementor-element elementor-element-4d473d1 elementor-cta--skin-cover elementor-bg-transform elementor-bg-transform-zoom-in elementor-widget elementor-widget-call-to-action\" data-id=\"4d473d1\" data-element_type=\"widget\" data-widget_type=\"call-to-action.default\">\n\t\t\t\t<div class=\"elementor-widget-container\">\n\t\t\t\t\t\t\t<a class=\"elementor-cta\" href=\"https:\/\/nizialek.pl\/index.php\/oferty-pracy-ciesla-zbrojarz#start\">\n\t\t\t\t\t<div class=\"elementor-cta__bg-wrapper\">\n\t\t\t\t<div class=\"elementor-cta__bg elementor-bg\" style=\"background-image: url(https:\/\/nizialek.pl\/wp-content\/uploads\/2022\/12\/Ciesla_zbrojarz_oferta_pracy-min.jpg);\" role=\"img\" aria-label=\"Ciesla_zbrojarz_oferta_pracy-min\"><\/div>\n\t\t\t\t<div class=\"elementor-cta__bg-overlay\"><\/div>\n\t\t\t<\/div>\n\t\t\t\t\t\t\t<div class=\"elementor-cta__content\">\n\t\t\t\t\n\t\t\t\t\t\t\t\t\t<h2 class=\"elementor-cta__title elementor-cta__content-item elementor-content-item\">\n\t\t\t\t\t\tCie\u015bla szalunkowy \/ zbrojarz\t\t\t\t\t<\/h2>\n\t\t\t\t\n\t\t\t\t\n\t\t\t\t\t\t\t<\/div>\n\t\t\t\t\t\t<\/a>\n\t\t\t\t\t\t<\/div>\n\t\t\t\t<\/div>\n\t\t\t\t\t<\/div>\n\t\t<\/div>\n\t\t\t\t<div class=\"elementor-column elementor-col-50 elementor-top-column elementor-element elementor-element-c3186bb\" data-id=\"c3186bb\" data-element_type=\"column\" data-settings=\"{&quot;background_background&quot;:&quot;classic&quot;}\">\n\t\t\t<div class=\"elementor-widget-wrap elementor-element-populated\">\n\t\t\t\t\t\t<div class=\"elementor-element elementor-element-eccd764 elementor-cta--skin-cover elementor-bg-transform elementor-bg-transform-zoom-in elementor-widget elementor-widget-call-to-action\" data-id=\"eccd764\" data-element_type=\"widget\" data-widget_type=\"call-to-action.default\">\n\t\t\t\t<div class=\"elementor-widget-container\">\n\t\t\t\t\t\t\t<a class=\"elementor-cta\" href=\"https:\/\/nizialek.pl\/index.php\/oferta-pracy-inzynier-budowy\/\">\n\t\t\t\t\t<div class=\"elementor-cta__bg-wrapper\">\n\t\t\t\t<div class=\"elementor-cta__bg elementor-bg\" style=\"background-image: url(https:\/\/nizialek.pl\/wp-content\/uploads\/2022\/12\/kierownik_oferta_pracy-min.jpg);\" role=\"img\" aria-label=\"kierownik_oferta_pracy-min\"><\/div>\n\t\t\t\t<div class=\"elementor-cta__bg-overlay\"><\/div>\n\t\t\t<\/div>\n\t\t\t\t\t\t\t<div class=\"elementor-cta__content\">\n\t\t\t\t\n\t\t\t\t\t\t\t\t\t<h2 class=\"elementor-cta__title elementor-cta__content-item elementor-content-item\">\n\t\t\t\t\t\tIn\u017cynier budowy\t\t\t\t\t<\/h2>\n\t\t\t\t\n\t\t\t\t\n\t\t\t\t\t\t\t<\/div>\n\t\t\t\t\t\t<\/a>\n\t\t\t\t\t\t<\/div>\n\t\t\t\t<\/div>\n\t\t\t\t\t<\/div>\n\t\t<\/div>\n\t\t\t\t\t<\/div>\n\t\t<\/section>\n\t\t\t\t<\/div>\n\t\t","protected":false},"excerpt":{"rendered":"<p>Wybierz ofert\u0119 pracy Cie\u015bla szalunkowy \/ zbrojarz In\u017cynier budowy<\/p>\n","protected":false},"author":1,"featured_media":0,"parent":0,"menu_order":0,"comment_status":"closed","ping_status":"closed","template":"","meta":{"footnotes":""},"class_list":["post-390","page","type-page","status-publish","hentry"],"yoast_head":"<!-- This site is optimized with the Yoast SEO plugin v24.9 - https:\/\/yoast.com\/wordpress\/plugins\/seo\/ -->\n<title>Wybierz ofert\u0119 pracy | N13<\/title>\n<meta name=\"robots\" content=\"index, follow, max-snippet:-1, max-image-preview:large, max-video-preview:-1\" \/>\n<link rel=\"canonical\" href=\"https:\/\/nizialek.pl\/index.php\/oferta-pracy\/\" \/>\n<meta property=\"og:locale\" content=\"pl_PL\" \/>\n<meta property=\"og:type\" content=\"article\" \/>\n<meta property=\"og:title\" content=\"Wybierz ofert\u0119 pracy | N13\" \/>\n<meta property=\"og:description\" content=\"Wybierz ofert\u0119 pracy Cie\u015bla szalunkowy \/ zbrojarz In\u017cynier budowy\" \/>\n<meta property=\"og:url\" content=\"https:\/\/nizialek.pl\/index.php\/oferta-pracy\/\" \/>\n<meta property=\"og:site_name\" content=\"N13\" \/>\n<meta property=\"article:publisher\" content=\"https:\/\/www.facebook.com\/profile.php?id=100089334043977\" \/>\n<meta property=\"article:modified_time\" content=\"2024-09-17T14:06:39+00:00\" \/>\n<meta property=\"og:image\" content=\"https:\/\/nizialek.pl\/wp-content\/uploads\/2023\/01\/www-min-scaled.jpg\" \/>\n\t<meta property=\"og:image:width\" content=\"2560\" \/>\n\t<meta property=\"og:image:height\" content=\"892\" \/>\n\t<meta property=\"og:image:type\" content=\"image\/jpeg\" \/>\n<meta name=\"twitter:card\" content=\"summary_large_image\" \/>\n<script type=\"application\/ld+json\" class=\"yoast-schema-graph\">{\"@context\":\"https:\/\/schema.org\",\"@graph\":[{\"@type\":\"WebPage\",\"@id\":\"https:\/\/nizialek.pl\/index.php\/oferta-pracy\/\",\"url\":\"https:\/\/nizialek.pl\/index.php\/oferta-pracy\/\",\"name\":\"Wybierz ofert\u0119 pracy | N13\",\"isPartOf\":{\"@id\":\"https:\/\/nizialek.pl\/#website\"},\"datePublished\":\"2022-12-23T11:33:40+00:00\",\"dateModified\":\"2024-09-17T14:06:39+00:00\",\"breadcrumb\":{\"@id\":\"https:\/\/nizialek.pl\/index.php\/oferta-pracy\/#breadcrumb\"},\"inLanguage\":\"pl-PL\",\"potentialAction\":[{\"@type\":\"ReadAction\",\"target\":[\"https:\/\/nizialek.pl\/index.php\/oferta-pracy\/\"]}]},{\"@type\":\"BreadcrumbList\",\"@id\":\"https:\/\/nizialek.pl\/index.php\/oferta-pracy\/#breadcrumb\",\"itemListElement\":[{\"@type\":\"ListItem\",\"position\":1,\"name\":\"Strona g\u0142\u00f3wna\",\"item\":\"https:\/\/nizialek.pl\/\"},{\"@type\":\"ListItem\",\"position\":2,\"name\":\"Wybierz ofert\u0119 pracy\"}]},{\"@type\":\"WebSite\",\"@id\":\"https:\/\/nizialek.pl\/#website\",\"url\":\"https:\/\/nizialek.pl\/\",\"name\":\"Progres - Sebastian Nizia\u0142ek\",\"description\":\"Naszym celem jest kompleksowa obs\u0142uga klienta w zakresie zbrojarskim oraz ciesielskim. Jeste\u015bmy dumni z naszych realizacji, gdy\u017c ka\u017cda z nich jest efektem ci\u0119\u017ckiej pracy, podczas kt\u00f3rej, stawiamy na sumienno\u015b\u0107, terminowo\u015b\u0107 oraz przede wszystkim bezpiecze\u0144stwo.\",\"publisher\":{\"@id\":\"https:\/\/nizialek.pl\/#organization\"},\"alternateName\":\"Progres Budownictwo\",\"potentialAction\":[{\"@type\":\"SearchAction\",\"target\":{\"@type\":\"EntryPoint\",\"urlTemplate\":\"https:\/\/nizialek.pl\/?s={search_term_string}\"},\"query-input\":{\"@type\":\"PropertyValueSpecification\",\"valueRequired\":true,\"valueName\":\"search_term_string\"}}],\"inLanguage\":\"pl-PL\"},{\"@type\":\"Organization\",\"@id\":\"https:\/\/nizialek.pl\/#organization\",\"name\":\"Progres - Sebastian Nizia\u0142ek\",\"url\":\"https:\/\/nizialek.pl\/\",\"logo\":{\"@type\":\"ImageObject\",\"inLanguage\":\"pl-PL\",\"@id\":\"https:\/\/nizialek.pl\/#\/schema\/logo\/image\/\",\"url\":\"https:\/\/nizialek.pl\/wp-content\/uploads\/2023\/01\/favicon.png\",\"contentUrl\":\"https:\/\/nizialek.pl\/wp-content\/uploads\/2023\/01\/favicon.png\",\"width\":120,\"height\":120,\"caption\":\"Progres - Sebastian Nizia\u0142ek\"},\"image\":{\"@id\":\"https:\/\/nizialek.pl\/#\/schema\/logo\/image\/\"},\"sameAs\":[\"https:\/\/www.facebook.com\/profile.php?id=100089334043977\"]}]}<\/script>\n<!-- \/ Yoast SEO plugin. -->","yoast_head_json":{"title":"Wybierz ofert\u0119 pracy | N13","robots":{"index":"index","follow":"follow","max-snippet":"max-snippet:-1","max-image-preview":"max-image-preview:large","max-video-preview":"max-video-preview:-1"},"canonical":"https:\/\/nizialek.pl\/index.php\/oferta-pracy\/","og_locale":"pl_PL","og_type":"article","og_title":"Wybierz ofert\u0119 pracy | N13","og_description":"Wybierz ofert\u0119 pracy Cie\u015bla szalunkowy \/ zbrojarz In\u017cynier budowy","og_url":"https:\/\/nizialek.pl\/index.php\/oferta-pracy\/","og_site_name":"N13","article_publisher":"https:\/\/www.facebook.com\/profile.php?id=100089334043977","article_modified_time":"2024-09-17T14:06:39+00:00","og_image":[{"width":2560,"height":892,"url":"https:\/\/nizialek.pl\/wp-content\/uploads\/2023\/01\/www-min-scaled.jpg","type":"image\/jpeg"}],"twitter_card":"summary_large_image","schema":{"@context":"https:\/\/schema.org","@graph":[{"@type":"WebPage","@id":"https:\/\/nizialek.pl\/index.php\/oferta-pracy\/","url":"https:\/\/nizialek.pl\/index.php\/oferta-pracy\/","name":"Wybierz ofert\u0119 pracy | N13","isPartOf":{"@id":"https:\/\/nizialek.pl\/#website"},"datePublished":"2022-12-23T11:33:40+00:00","dateModified":"2024-09-17T14:06:39+00:00","breadcrumb":{"@id":"https:\/\/nizialek.pl\/index.php\/oferta-pracy\/#breadcrumb"},"inLanguage":"pl-PL","potentialAction":[{"@type":"ReadAction","target":["https:\/\/nizialek.pl\/index.php\/oferta-pracy\/"]}]},{"@type":"BreadcrumbList","@id":"https:\/\/nizialek.pl\/index.php\/oferta-pracy\/#breadcrumb","itemListElement":[{"@type":"ListItem","position":1,"name":"Strona g\u0142\u00f3wna","item":"https:\/\/nizialek.pl\/"},{"@type":"ListItem","position":2,"name":"Wybierz ofert\u0119 pracy"}]},{"@type":"WebSite","@id":"https:\/\/nizialek.pl\/#website","url":"https:\/\/nizialek.pl\/","name":"Progres - Sebastian Nizia\u0142ek","description":"Naszym celem jest kompleksowa obs\u0142uga klienta w zakresie zbrojarskim oraz ciesielskim. Jeste\u015bmy dumni z naszych realizacji, gdy\u017c ka\u017cda z nich jest efektem ci\u0119\u017ckiej pracy, podczas kt\u00f3rej, stawiamy na sumienno\u015b\u0107, terminowo\u015b\u0107 oraz przede wszystkim bezpiecze\u0144stwo.","publisher":{"@id":"https:\/\/nizialek.pl\/#organization"},"alternateName":"Progres Budownictwo","potentialAction":[{"@type":"SearchAction","target":{"@type":"EntryPoint","urlTemplate":"https:\/\/nizialek.pl\/?s={search_term_string}"},"query-input":{"@type":"PropertyValueSpecification","valueRequired":true,"valueName":"search_term_string"}}],"inLanguage":"pl-PL"},{"@type":"Organization","@id":"https:\/\/nizialek.pl\/#organization","name":"Progres - Sebastian Nizia\u0142ek","url":"https:\/\/nizialek.pl\/","logo":{"@type":"ImageObject","inLanguage":"pl-PL","@id":"https:\/\/nizialek.pl\/#\/schema\/logo\/image\/","url":"https:\/\/nizialek.pl\/wp-content\/uploads\/2023\/01\/favicon.png","contentUrl":"https:\/\/nizialek.pl\/wp-content\/uploads\/2023\/01\/favicon.png","width":120,"height":120,"caption":"Progres - Sebastian Nizia\u0142ek"},"image":{"@id":"https:\/\/nizialek.pl\/#\/schema\/logo\/image\/"},"sameAs":["https:\/\/www.facebook.com\/profile.php?id=100089334043977"]}]}},"_links":{"self":[{"href":"https:\/\/nizialek.pl\/index.php\/wp-json\/wp\/v2\/pages\/390","targetHints":{"allow":["GET"]}}],"collection":[{"href":"https:\/\/nizialek.pl\/index.php\/wp-json\/wp\/v2\/pages"}],"about":[{"href":"https:\/\/nizialek.pl\/index.php\/wp-json\/wp\/v2\/types\/page"}],"author":[{"embeddable":true,"href":"https:\/\/nizialek.pl\/index.php\/wp-json\/wp\/v2\/users\/1"}],"replies":[{"embeddable":true,"href":"https:\/\/nizialek.pl\/index.php\/wp-json\/wp\/v2\/comments?post=390"}],"version-history":[{"count":21,"href":"https:\/\/nizialek.pl\/index.php\/wp-json\/wp\/v2\/pages\/390\/revisions"}],"predecessor-version":[{"id":14106,"href":"https:\/\/nizialek.pl\/index.php\/wp-json\/wp\/v2\/pages\/390\/revisions\/14106"}],"wp:attachment":[{"href":"https:\/\/nizialek.pl\/index.php\/wp-json\/wp\/v2\/media?parent=390"}],"curies":[{"name":"wp","href":"https:\/\/api.w.org\/{rel}","templated":true}]}}